{"id":167,"date":"2024-04-22T11:53:28","date_gmt":"2024-04-22T11:53:28","guid":{"rendered":"https:\/\/oldboysrahm.de\/?page_id=167"},"modified":"2024-04-23T06:31:25","modified_gmt":"2024-04-23T06:31:25","slug":"elementor-167","status":"publish","type":"page","link":"https:\/\/oldboysrahm.de\/index.php\/elementor-167\/","title":{"rendered":"Mannschaften"},"content":{"rendered":"<p class=\"attachment\"><a href='https:\/\/oldboysrahm.de\/wp-content\/uploads\/2024\/04\/IMG_3227-scaled.jpg'><img fetchpriority=\"high\" decoding=\"async\" width=\"300\" height=\"225\" src=\"https:\/\/oldboysrahm.de\/wp-content\/uploads\/2024\/04\/IMG_3227-300x225.jpg\" class=\"attachment-medium size-medium\" alt=\"\" srcset=\"https:\/\/oldboysrahm.de\/wp-content\/uploads\/2024\/04\/IMG_3227-300x225.jpg 300w, https:\/\/oldboysrahm.de\/wp-content\/uploads\/2024\/04\/IMG_3227-1024x768.jpg 1024w, https:\/\/oldboysrahm.de\/wp-content\/uploads\/2024\/04\/IMG_3227-768x576.jpg 768w, https:\/\/oldboysrahm.de\/wp-content\/uploads\/2024\/04\/IMG_3227-1536x1152.jpg 1536w, https:\/\/oldboysrahm.de\/wp-content\/uploads\/2024\/04\/IMG_3227-2048x1536.jpg 2048w\" sizes=\"(max-width: 300px) 100vw, 300px\" \/><\/a><\/p>\n\t\t<div data-elementor-type=\"wp-page\" data-elementor-id=\"167\" class=\"elementor elementor-167\">\n\t\t\t\t<div class=\"elementor-element elementor-element-2b10e5d e-flex e-con-boxed wpr-particle-no wpr-jarallax-no wpr-parallax-no wpr-sticky-section-no e-con e-parent\" data-id=\"2b10e5d\" data-element_type=\"container\">\n\t\t\t\t\t<div class=\"e-con-inner\">\n\t\t\t\t<div class=\"elementor-element elementor-element-175e3ab wpr-grid-columns-4 wpr-grid-columns--tablet3 wpr-grid-columns--mobile1 wpr-grid-pagination-center elementor-widget elementor-widget-wpr-media-grid\" data-id=\"175e3ab\" data-element_type=\"widget\" data-widget_type=\"wpr-media-grid.default\">\n\t\t\t\t<div class=\"elementor-widget-container\">\n\t\t\t<section class=\"wpr-grid wpr-media-grid elementor-clearfix\" data-settings=\"{&quot;layout&quot;:&quot;fitRows&quot;,&quot;columns_desktop&quot;:4,&quot;gutter_hr&quot;:10,&quot;gutter_hr_mobile&quot;:10,&quot;gutter_hr_mobile_extra&quot;:10,&quot;gutter_hr_tablet&quot;:10,&quot;gutter_hr_tablet_extra&quot;:10,&quot;gutter_hr_laptop&quot;:10,&quot;gutter_hr_widescreen&quot;:10,&quot;gutter_vr&quot;:10,&quot;gutter_vr_mobile&quot;:10,&quot;gutter_vr_mobile_extra&quot;:10,&quot;gutter_vr_tablet&quot;:10,&quot;gutter_vr_tablet_extra&quot;:10,&quot;gutter_vr_laptop&quot;:10,&quot;gutter_vr_widescreen&quot;:10,&quot;animation&quot;:&quot;zoom&quot;,&quot;animation_duration&quot;:0.3,&quot;animation_delay&quot;:0.1,&quot;deeplinking&quot;:&quot;&quot;,&quot;filters_default_filter&quot;:&quot;&quot;,&quot;filters_linkable&quot;:&quot;no&quot;,&quot;filters_count&quot;:&quot;&quot;,&quot;filters_hide_empty&quot;:&quot;no&quot;,&quot;filters_animation&quot;:&quot;default&quot;,&quot;filters_animation_duration&quot;:0.3,&quot;filters_animation_delay&quot;:0.1,&quot;pagination_type&quot;:&quot;load-more&quot;,&quot;pagination_max_pages&quot;:1,&quot;lightbox&quot;:{&quot;selector&quot;:&quot;.wpr-grid-image-wrap&quot;,&quot;iframeMaxWidth&quot;:&quot;60%&quot;,&quot;hash&quot;:false,&quot;autoplay&quot;:&quot;true&quot;,&quot;pause&quot;:5000,&quot;progressBar&quot;:&quot;true&quot;,&quot;counter&quot;:&quot;true&quot;,&quot;controls&quot;:&quot;true&quot;,&quot;getCaptionFromTitleOrAlt&quot;:&quot;true&quot;,&quot;thumbnail&quot;:&quot;&quot;,&quot;showThumbByDefault&quot;:&quot;&quot;,&quot;share&quot;:&quot;&quot;,&quot;zoom&quot;:&quot;true&quot;,&quot;fullScreen&quot;:&quot;true&quot;,&quot;download&quot;:&quot;true&quot;}}\"><article class=\"wpr-grid-item elementor-clearfix post-193 attachment type-attachment status-inherit hentry\"><div class=\"wpr-grid-item-inner\"><div class=\"wpr-grid-media-wrap wpr-grayscale-in wpr-effect-size-small \"><div class=\"wpr-grid-image-wrap\" data-src=\"https:\/\/oldboysrahm.de\/wp-content\/uploads\/2024\/04\/IMG_1578-scaled.jpg\"><img decoding=\"async\" src=\"https:\/\/oldboysrahm.de\/wp-content\/uploads\/2024\/04\/IMG_1578-scaled.jpg\" alt=\"OldBoys\" class=\"wpr-anim-timing-ease-default\"><\/div><div class=\"wpr-grid-media-hover wpr-animation-wrap\"><div class=\"wpr-grid-media-hover-bg  wpr-overlay-fade-in wpr-anim-size-large wpr-anim-timing-ease-default wpr-anim-transparency\" data-url=\"https:\/\/oldboysrahm.de\/img_1578\/\"><\/div><div class=\"wpr-cv-container\"><div class=\"wpr-cv-outer\"><div class=\"wpr-cv-inner\"><div class=\"wpr-grid-media-hover-middle elementor-clearfix\"><div class=\"wpr-grid-item-lightbox elementor-repeater-item-40b5db6 wpr-grid-item-display-block wpr-grid-item-align-center wpr-element-fade-in wpr-anim-size-large wpr-anim-timing-ease-default wpr-anim-transparency\"><div class=\"inner-block\"><span data-src=\"https:\/\/oldboysrahm.de\/wp-content\/uploads\/2024\/04\/IMG_1578-scaled.jpg\"><i class=\"fas fa-search\"><\/i><\/span><div class=\"wpr-grid-lightbox-overlay\"><\/div><\/div><\/div><\/div><\/div><\/div><\/div><\/div><\/div><\/div><\/article><article class=\"wpr-grid-item elementor-clearfix post-191 attachment type-attachment status-inherit hentry\"><div class=\"wpr-grid-item-inner\"><div class=\"wpr-grid-media-wrap wpr-grayscale-in wpr-effect-size-small \"><div class=\"wpr-grid-image-wrap\" data-src=\"https:\/\/oldboysrahm.de\/wp-content\/uploads\/2024\/04\/a39614f7-bab4-4424-8b14-38b19a69a17f.jpg\"><img decoding=\"async\" src=\"https:\/\/oldboysrahm.de\/wp-content\/uploads\/2024\/04\/a39614f7-bab4-4424-8b14-38b19a69a17f.jpg\" alt=\"OldBoys\" class=\"wpr-anim-timing-ease-default\"><\/div><div class=\"wpr-grid-media-hover wpr-animation-wrap\"><div class=\"wpr-grid-media-hover-bg  wpr-overlay-fade-in wpr-anim-size-large wpr-anim-timing-ease-default wpr-anim-transparency\" data-url=\"https:\/\/oldboysrahm.de\/a39614f7-bab4-4424-8b14-38b19a69a17f\/\"><\/div><div class=\"wpr-cv-container\"><div class=\"wpr-cv-outer\"><div class=\"wpr-cv-inner\"><div class=\"wpr-grid-media-hover-middle elementor-clearfix\"><div class=\"wpr-grid-item-lightbox elementor-repeater-item-40b5db6 wpr-grid-item-display-block wpr-grid-item-align-center wpr-element-fade-in wpr-anim-size-large wpr-anim-timing-ease-default wpr-anim-transparency\"><div class=\"inner-block\"><span data-src=\"https:\/\/oldboysrahm.de\/wp-content\/uploads\/2024\/04\/a39614f7-bab4-4424-8b14-38b19a69a17f.jpg\"><i class=\"fas fa-search\"><\/i><\/span><div class=\"wpr-grid-lightbox-overlay\"><\/div><\/div><\/div><\/div><\/div><\/div><\/div><\/div><\/div><\/div><\/article><article class=\"wpr-grid-item elementor-clearfix post-198 attachment type-attachment status-inherit hentry\"><div class=\"wpr-grid-item-inner\"><div class=\"wpr-grid-media-wrap wpr-grayscale-in wpr-effect-size-small \"><div class=\"wpr-grid-image-wrap\" data-src=\"https:\/\/oldboysrahm.de\/wp-content\/uploads\/2024\/04\/IMG_3222-scaled.jpg\"><img decoding=\"async\" src=\"https:\/\/oldboysrahm.de\/wp-content\/uploads\/2024\/04\/IMG_3222-scaled.jpg\" alt=\"OldBoys\" class=\"wpr-anim-timing-ease-default\"><\/div><div class=\"wpr-grid-media-hover wpr-animation-wrap\"><div class=\"wpr-grid-media-hover-bg  wpr-overlay-fade-in wpr-anim-size-large wpr-anim-timing-ease-default wpr-anim-transparency\" data-url=\"https:\/\/oldboysrahm.de\/img_3222\/\"><\/div><div class=\"wpr-cv-container\"><div class=\"wpr-cv-outer\"><div class=\"wpr-cv-inner\"><div class=\"wpr-grid-media-hover-middle elementor-clearfix\"><div class=\"wpr-grid-item-lightbox elementor-repeater-item-40b5db6 wpr-grid-item-display-block wpr-grid-item-align-center wpr-element-fade-in wpr-anim-size-large wpr-anim-timing-ease-default wpr-anim-transparency\"><div class=\"inner-block\"><span data-src=\"https:\/\/oldboysrahm.de\/wp-content\/uploads\/2024\/04\/IMG_3222-scaled.jpg\"><i class=\"fas fa-search\"><\/i><\/span><div class=\"wpr-grid-lightbox-overlay\"><\/div><\/div><\/div><\/div><\/div><\/div><\/div><\/div><\/div><\/div><\/article><article class=\"wpr-grid-item elementor-clearfix post-197 attachment type-attachment status-inherit hentry\"><div class=\"wpr-grid-item-inner\"><div class=\"wpr-grid-media-wrap wpr-grayscale-in wpr-effect-size-small \"><div class=\"wpr-grid-image-wrap\" data-src=\"https:\/\/oldboysrahm.de\/wp-content\/uploads\/2024\/04\/IMG_3227-scaled.jpg\"><img decoding=\"async\" src=\"https:\/\/oldboysrahm.de\/wp-content\/uploads\/2024\/04\/IMG_3227-scaled.jpg\" alt=\"OldBoys\" class=\"wpr-anim-timing-ease-default\"><\/div><div class=\"wpr-grid-media-hover wpr-animation-wrap\"><div class=\"wpr-grid-media-hover-bg  wpr-overlay-fade-in wpr-anim-size-large wpr-anim-timing-ease-default wpr-anim-transparency\" data-url=\"https:\/\/oldboysrahm.de\/img_3227\/\"><\/div><div class=\"wpr-cv-container\"><div class=\"wpr-cv-outer\"><div class=\"wpr-cv-inner\"><div class=\"wpr-grid-media-hover-middle elementor-clearfix\"><div class=\"wpr-grid-item-lightbox elementor-repeater-item-40b5db6 wpr-grid-item-display-block wpr-grid-item-align-center wpr-element-fade-in wpr-anim-size-large wpr-anim-timing-ease-default wpr-anim-transparency\"><div class=\"inner-block\"><span data-src=\"https:\/\/oldboysrahm.de\/wp-content\/uploads\/2024\/04\/IMG_3227-scaled.jpg\"><i class=\"fas fa-search\"><\/i><\/span><div class=\"wpr-grid-lightbox-overlay\"><\/div><\/div><\/div><\/div><\/div><\/div><\/div><\/div><\/div><\/div><\/article><\/section>\t\t<\/div>\n\t\t\t\t<\/div>\n\t\t\t\t\t<\/div>\n\t\t\t\t<\/div>\n\t\t<div class=\"elementor-element elementor-element-53e674c e-flex e-con-boxed wpr-particle-no wpr-jarallax-no wpr-parallax-no wpr-sticky-section-no e-con e-parent\" data-id=\"53e674c\" data-element_type=\"container\">\n\t\t\t\t\t<div class=\"e-con-inner\">\n\t\t\t\t<div class=\"elementor-element elementor-element-0247e22 elementor-widget elementor-widget-text-editor\" data-id=\"0247e22\" data-element_type=\"widget\" data-widget_type=\"text-editor.default\">\n\t\t\t\t<div class=\"elementor-widget-container\">\n\t\t\t<style>\/*! elementor - v3.21.0 - 26-05-2024 *\/\n.elementor-widget-text-editor.elementor-drop-cap-view-stacked .elementor-drop-cap{background-color:#69727d;color:#fff}.elementor-widget-text-editor.elementor-drop-cap-view-framed .elementor-drop-cap{color:#69727d;border:3px solid;background-color:transparent}.elementor-widget-text-editor:not(.elementor-drop-cap-view-default) .elementor-drop-cap{margin-top:8px}.elementor-widget-text-editor:not(.elementor-drop-cap-view-default) .elementor-drop-cap-letter{width:1em;height:1em}.elementor-widget-text-editor .elementor-drop-cap{float:left;text-align:center;line-height:1;font-size:50px}.elementor-widget-text-editor .elementor-drop-cap-letter{display:inline-block}<\/style>\t\t\t\t<p>Ein Blick in die Welt des Altherren-Fu\u00dfballs: <strong>\u00dc32<\/strong>, <strong>\u00dc40<\/strong> und <strong>\u00dc50<\/strong><\/p><p>In der Welt des Altherren-Fu\u00dfballs, wo die Leidenschaft f\u00fcr den Sport niemals erlischt, treffen sich Spieler jenseits der Jugendjahre, um weiterhin dem runden Leder nachzujagen. Diese M\u00e4nner, eingeteilt in Altersklassen \u00dc32, \u00dc40 und \u00dc50, verk\u00f6rpern den Geist des Sports und beweisen, dass Fu\u00dfball mehr ist als nur ein Spiel f\u00fcr junge Athleten.<\/p><p>Die <strong>\u00dc32-Mannschaft<\/strong> zeigt die Vitalit\u00e4t und den Enthusiasmus derer, die noch in ihren besten Jahren sind. Mit ihrer Schnelligkeit und technischen F\u00e4higkeiten auf dem Platz setzen sie ein dynamisches Spiel voller Energie und Entschlossenheit um.<\/p><p>In der <strong>\u00dc40-Gruppe<\/strong> treffen sich erfahrene Spieler, die ihr Wissen und ihre Finesse einbringen. Trotz des Alters sind ihre strategischen Entscheidungen und ihre Pr\u00e4zision am Ball immer noch von h\u00f6chstem Niveau gepr\u00e4gt.<\/p><p>Die <strong>\u00dc50-Mannschaft<\/strong> bringt eine F\u00fclle an Lebenserfahrung mit auf den Platz. Ihre Spielweise ist gepr\u00e4gt von Weisheit und Taktik, wodurch sie auch j\u00fcngere Gegner oft \u00fcberraschen und beeindrucken.<\/p><p>Gemeinsam bilden diese Altherren-Teams eine Gemeinschaft, die weit \u00fcber den Platz hinausgeht. Sie verk\u00f6rpern die Werte von Teamarbeit, Respekt und Leidenschaft f\u00fcr den Sport. Ihre Spiele sind nicht nur eine Demonstration fu\u00dfballerischen K\u00f6nnens, sondern auch eine Feier des Lebens und der Freundschaft, die durch den Sport geschmiedet wird.<\/p>\t\t\t\t\t\t<\/div>\n\t\t\t\t<\/div>\n\t\t\t\t\t<\/div>\n\t\t\t\t<\/div>\n\t\t\t\t<\/div>\n\t\t","protected":false},"excerpt":{"rendered":"<p>Ein Blick in die Welt des Altherren-Fu\u00dfballs: \u00dc32, \u00dc40 und \u00dc50 In der Welt des Altherren-Fu\u00dfballs, wo die Leidenschaft f\u00fcr den Sport niemals erlischt, treffen sich Spieler jenseits der Jugendjahre, um weiterhin dem runden Leder nachzujagen. Diese M\u00e4nner, eingeteilt in Altersklassen \u00dc32, \u00dc40 und \u00dc50, verk\u00f6rpern den Geist des Sports und beweisen, dass Fu\u00dfball mehr [&hellip;]<\/p>\n","protected":false},"author":1,"featured_media":0,"parent":0,"menu_order":0,"comment_status":"closed","ping_status":"closed","template":"","meta":{"zakra_sidebar_layout":"customizer","zakra_remove_content_margin":false,"zakra_sidebar":"customizer","zakra_transparent_header":"customizer","zakra_logo":0,"zakra_main_header_style":"default","zakra_menu_item_color":"","zakra_menu_item_hover_color":"","zakra_menu_item_active_color":"","zakra_menu_active_style":"","zakra_page_header":true,"footnotes":""},"class_list":["post-167","page","type-page","status-publish","hentry"],"_links":{"self":[{"href":"https:\/\/oldboysrahm.de\/index.php\/wp-json\/wp\/v2\/pages\/167","targetHints":{"allow":["GET"]}}],"collection":[{"href":"https:\/\/oldboysrahm.de\/index.php\/wp-json\/wp\/v2\/pages"}],"about":[{"href":"https:\/\/oldboysrahm.de\/index.php\/wp-json\/wp\/v2\/types\/page"}],"author":[{"embeddable":true,"href":"https:\/\/oldboysrahm.de\/index.php\/wp-json\/wp\/v2\/users\/1"}],"replies":[{"embeddable":true,"href":"https:\/\/oldboysrahm.de\/index.php\/wp-json\/wp\/v2\/comments?post=167"}],"version-history":[{"count":23,"href":"https:\/\/oldboysrahm.de\/index.php\/wp-json\/wp\/v2\/pages\/167\/revisions"}],"predecessor-version":[{"id":243,"href":"https:\/\/oldboysrahm.de\/index.php\/wp-json\/wp\/v2\/pages\/167\/revisions\/243"}],"wp:attachment":[{"href":"https:\/\/oldboysrahm.de\/index.php\/wp-json\/wp\/v2\/media?parent=167"}],"curies":[{"name":"wp","href":"https:\/\/api.w.org\/{rel}","templated":true}]}}