{"id":281,"date":"2024-04-23T13:44:16","date_gmt":"2024-04-23T13:44:16","guid":{"rendered":"https:\/\/oldboysrahm.de\/?page_id=281"},"modified":"2024-04-26T06:15:24","modified_gmt":"2024-04-26T06:15:24","slug":"oldboys-cup-2023","status":"publish","type":"page","link":"https:\/\/oldboysrahm.de\/index.php\/oldboys-cup-2023\/","title":{"rendered":"OldBoys Cup 2023"},"content":{"rendered":"\t\t<div data-elementor-type=\"wp-page\" data-elementor-id=\"281\" class=\"elementor elementor-281\">\n\t\t\t\t<div class=\"elementor-element elementor-element-d922384 e-flex e-con-boxed wpr-particle-no wpr-jarallax-no wpr-parallax-no wpr-sticky-section-no e-con e-parent\" data-id=\"d922384\" data-element_type=\"container\">\n\t\t\t\t\t<div class=\"e-con-inner\">\n\t\t\t\t<div class=\"elementor-element elementor-element-7701ca7 elementor-widget elementor-widget-heading\" data-id=\"7701ca7\" data-element_type=\"widget\" data-widget_type=\"heading.default\">\n\t\t\t\t<div class=\"elementor-widget-container\">\n\t\t\t<style>\/*! elementor - v3.21.0 - 26-05-2024 *\/\n.elementor-heading-title{padding:0;margin:0;line-height:1}.elementor-widget-heading .elementor-heading-title[class*=elementor-size-]>a{color:inherit;font-size:inherit;line-height:inherit}.elementor-widget-heading .elementor-heading-title.elementor-size-small{font-size:15px}.elementor-widget-heading .elementor-heading-title.elementor-size-medium{font-size:19px}.elementor-widget-heading .elementor-heading-title.elementor-size-large{font-size:29px}.elementor-widget-heading .elementor-heading-title.elementor-size-xl{font-size:39px}.elementor-widget-heading .elementor-heading-title.elementor-size-xxl{font-size:59px}<\/style><h2 class=\"elementor-heading-title elementor-size-default\">OldBoys Cup 2023 - Ein Rahmer Sommerfest<\/h2>\t\t<\/div>\n\t\t\t\t<\/div>\n\t\t\t\t\t<\/div>\n\t\t\t\t<\/div>\n\t\t<div class=\"elementor-element elementor-element-7f19295 e-flex e-con-boxed wpr-particle-no wpr-jarallax-no wpr-parallax-no wpr-sticky-section-no e-con e-parent\" data-id=\"7f19295\" data-element_type=\"container\">\n\t\t\t\t\t<div class=\"e-con-inner\">\n\t\t\t\t<div class=\"elementor-element elementor-element-eccaade elementor-pagination-position-outside elementor-widget elementor-widget-image-carousel\" data-id=\"eccaade\" data-element_type=\"widget\" data-settings=\"{&quot;navigation&quot;:&quot;dots&quot;,&quot;autoplay_speed&quot;:1000,&quot;autoplay&quot;:&quot;yes&quot;,&quot;pause_on_hover&quot;:&quot;yes&quot;,&quot;pause_on_interaction&quot;:&quot;yes&quot;,&quot;infinite&quot;:&quot;yes&quot;,&quot;speed&quot;:500}\" data-widget_type=\"image-carousel.default\">\n\t\t\t\t<div class=\"elementor-widget-container\">\n\t\t\t<style>\/*! elementor - v3.21.0 - 26-05-2024 *\/\n.elementor-widget-image-carousel .swiper,.elementor-widget-image-carousel .swiper-container{position:static}.elementor-widget-image-carousel .swiper-container .swiper-slide figure,.elementor-widget-image-carousel .swiper .swiper-slide figure{line-height:inherit}.elementor-widget-image-carousel .swiper-slide{text-align:center}.elementor-image-carousel-wrapper:not(.swiper-container-initialized):not(.swiper-initialized) .swiper-slide{max-width:calc(100% \/ var(--e-image-carousel-slides-to-show, 3))}<\/style>\t\t<div class=\"elementor-image-carousel-wrapper swiper\" dir=\"ltr\">\n\t\t\t<div class=\"elementor-image-carousel swiper-wrapper\" aria-live=\"off\">\n\t\t\t\t\t\t\t\t<div class=\"swiper-slide\" role=\"group\" aria-roledescription=\"slide\" aria-label=\"1 von 46\"><figure class=\"swiper-slide-inner\"><img decoding=\"async\" class=\"swiper-slide-image\" src=\"https:\/\/oldboysrahm.de\/wp-content\/uploads\/2024\/04\/IMG_0378-300x169.jpg\" alt=\"IMG_0378\" \/><\/figure><\/div><div class=\"swiper-slide\" role=\"group\" aria-roledescription=\"slide\" aria-label=\"2 von 46\"><figure class=\"swiper-slide-inner\"><img decoding=\"async\" class=\"swiper-slide-image\" src=\"https:\/\/oldboysrahm.de\/wp-content\/uploads\/2024\/04\/IMG_0381-300x169.jpg\" alt=\"IMG_0381\" \/><\/figure><\/div><div class=\"swiper-slide\" role=\"group\" aria-roledescription=\"slide\" aria-label=\"3 von 46\"><figure class=\"swiper-slide-inner\"><img decoding=\"async\" class=\"swiper-slide-image\" src=\"https:\/\/oldboysrahm.de\/wp-content\/uploads\/2024\/04\/IMG_0382-300x169.jpg\" alt=\"IMG_0382\" \/><\/figure><\/div><div class=\"swiper-slide\" role=\"group\" aria-roledescription=\"slide\" aria-label=\"4 von 46\"><figure class=\"swiper-slide-inner\"><img decoding=\"async\" class=\"swiper-slide-image\" src=\"https:\/\/oldboysrahm.de\/wp-content\/uploads\/2024\/04\/IMG_0389-300x169.jpg\" alt=\"IMG_0389\" \/><\/figure><\/div><div class=\"swiper-slide\" role=\"group\" aria-roledescription=\"slide\" aria-label=\"5 von 46\"><figure class=\"swiper-slide-inner\"><img decoding=\"async\" class=\"swiper-slide-image\" src=\"https:\/\/oldboysrahm.de\/wp-content\/uploads\/2024\/04\/IMG_0390-300x169.jpg\" alt=\"IMG_0390\" \/><\/figure><\/div><div class=\"swiper-slide\" role=\"group\" aria-roledescription=\"slide\" aria-label=\"6 von 46\"><figure class=\"swiper-slide-inner\"><img decoding=\"async\" class=\"swiper-slide-image\" src=\"https:\/\/oldboysrahm.de\/wp-content\/uploads\/2024\/04\/IMG_0391-300x169.jpg\" alt=\"IMG_0391\" \/><\/figure><\/div><div class=\"swiper-slide\" role=\"group\" aria-roledescription=\"slide\" aria-label=\"7 von 46\"><figure class=\"swiper-slide-inner\"><img decoding=\"async\" class=\"swiper-slide-image\" src=\"https:\/\/oldboysrahm.de\/wp-content\/uploads\/2024\/04\/IMG_0401-300x169.jpg\" alt=\"IMG_0401\" \/><\/figure><\/div><div class=\"swiper-slide\" role=\"group\" aria-roledescription=\"slide\" aria-label=\"8 von 46\"><figure class=\"swiper-slide-inner\"><img decoding=\"async\" class=\"swiper-slide-image\" src=\"https:\/\/oldboysrahm.de\/wp-content\/uploads\/2024\/04\/IMG_0403-300x169.jpg\" alt=\"IMG_0403\" \/><\/figure><\/div><div class=\"swiper-slide\" role=\"group\" aria-roledescription=\"slide\" aria-label=\"9 von 46\"><figure class=\"swiper-slide-inner\"><img decoding=\"async\" class=\"swiper-slide-image\" src=\"https:\/\/oldboysrahm.de\/wp-content\/uploads\/2024\/04\/IMG_0404-300x169.jpg\" alt=\"IMG_0404\" \/><\/figure><\/div><div class=\"swiper-slide\" role=\"group\" aria-roledescription=\"slide\" aria-label=\"10 von 46\"><figure class=\"swiper-slide-inner\"><img decoding=\"async\" class=\"swiper-slide-image\" src=\"https:\/\/oldboysrahm.de\/wp-content\/uploads\/2024\/04\/IMG_0406-300x169.jpg\" alt=\"IMG_0406\" \/><\/figure><\/div><div class=\"swiper-slide\" role=\"group\" aria-roledescription=\"slide\" aria-label=\"11 von 46\"><figure class=\"swiper-slide-inner\"><img decoding=\"async\" class=\"swiper-slide-image\" src=\"https:\/\/oldboysrahm.de\/wp-content\/uploads\/2024\/04\/IMG_0407-300x169.jpg\" alt=\"IMG_0407\" \/><\/figure><\/div><div class=\"swiper-slide\" role=\"group\" aria-roledescription=\"slide\" aria-label=\"12 von 46\"><figure class=\"swiper-slide-inner\"><img decoding=\"async\" class=\"swiper-slide-image\" src=\"https:\/\/oldboysrahm.de\/wp-content\/uploads\/2024\/04\/IMG_0416-300x169.jpg\" alt=\"IMG_0416\" \/><\/figure><\/div><div class=\"swiper-slide\" role=\"group\" aria-roledescription=\"slide\" aria-label=\"13 von 46\"><figure class=\"swiper-slide-inner\"><img decoding=\"async\" class=\"swiper-slide-image\" src=\"https:\/\/oldboysrahm.de\/wp-content\/uploads\/2024\/04\/IMG_0417-300x169.jpg\" alt=\"IMG_0417\" \/><\/figure><\/div><div class=\"swiper-slide\" role=\"group\" aria-roledescription=\"slide\" aria-label=\"14 von 46\"><figure class=\"swiper-slide-inner\"><img decoding=\"async\" class=\"swiper-slide-image\" src=\"https:\/\/oldboysrahm.de\/wp-content\/uploads\/2024\/04\/IMG_0418-2-300x169.jpg\" alt=\"IMG_0418\" \/><\/figure><\/div><div class=\"swiper-slide\" role=\"group\" aria-roledescription=\"slide\" aria-label=\"15 von 46\"><figure class=\"swiper-slide-inner\"><img decoding=\"async\" class=\"swiper-slide-image\" src=\"https:\/\/oldboysrahm.de\/wp-content\/uploads\/2024\/04\/IMG_0421-300x169.jpg\" alt=\"IMG_0421\" \/><\/figure><\/div><div class=\"swiper-slide\" role=\"group\" aria-roledescription=\"slide\" aria-label=\"16 von 46\"><figure class=\"swiper-slide-inner\"><img decoding=\"async\" class=\"swiper-slide-image\" src=\"https:\/\/oldboysrahm.de\/wp-content\/uploads\/2024\/04\/IMG_0427-300x169.jpg\" alt=\"IMG_0427\" \/><\/figure><\/div><div class=\"swiper-slide\" role=\"group\" aria-roledescription=\"slide\" aria-label=\"17 von 46\"><figure class=\"swiper-slide-inner\"><img decoding=\"async\" class=\"swiper-slide-image\" src=\"https:\/\/oldboysrahm.de\/wp-content\/uploads\/2024\/04\/IMG_0431-300x169.jpg\" alt=\"IMG_0431\" \/><\/figure><\/div><div class=\"swiper-slide\" role=\"group\" aria-roledescription=\"slide\" aria-label=\"18 von 46\"><figure class=\"swiper-slide-inner\"><img decoding=\"async\" class=\"swiper-slide-image\" src=\"https:\/\/oldboysrahm.de\/wp-content\/uploads\/2024\/04\/IMG_0436-300x169.jpg\" alt=\"IMG_0436\" \/><\/figure><\/div><div class=\"swiper-slide\" role=\"group\" aria-roledescription=\"slide\" aria-label=\"19 von 46\"><figure class=\"swiper-slide-inner\"><img decoding=\"async\" class=\"swiper-slide-image\" src=\"https:\/\/oldboysrahm.de\/wp-content\/uploads\/2024\/04\/IMG_0437-300x169.jpg\" alt=\"IMG_0437\" \/><\/figure><\/div><div class=\"swiper-slide\" role=\"group\" aria-roledescription=\"slide\" aria-label=\"20 von 46\"><figure class=\"swiper-slide-inner\"><img decoding=\"async\" class=\"swiper-slide-image\" src=\"https:\/\/oldboysrahm.de\/wp-content\/uploads\/2024\/04\/IMG_0471-300x169.jpg\" alt=\"IMG_0471\" \/><\/figure><\/div><div class=\"swiper-slide\" role=\"group\" aria-roledescription=\"slide\" aria-label=\"21 von 46\"><figure class=\"swiper-slide-inner\"><img decoding=\"async\" class=\"swiper-slide-image\" src=\"https:\/\/oldboysrahm.de\/wp-content\/uploads\/2024\/04\/IMG_0481-1-300x169.jpg\" alt=\"IMG_0481\" \/><\/figure><\/div><div class=\"swiper-slide\" role=\"group\" aria-roledescription=\"slide\" aria-label=\"22 von 46\"><figure class=\"swiper-slide-inner\"><img decoding=\"async\" class=\"swiper-slide-image\" src=\"https:\/\/oldboysrahm.de\/wp-content\/uploads\/2024\/04\/IMG_0482-300x169.jpg\" alt=\"IMG_0482\" \/><\/figure><\/div><div class=\"swiper-slide\" role=\"group\" aria-roledescription=\"slide\" aria-label=\"23 von 46\"><figure class=\"swiper-slide-inner\"><img decoding=\"async\" class=\"swiper-slide-image\" src=\"https:\/\/oldboysrahm.de\/wp-content\/uploads\/2024\/04\/IMG_0488-300x169.jpg\" alt=\"IMG_0488\" \/><\/figure><\/div><div class=\"swiper-slide\" role=\"group\" aria-roledescription=\"slide\" aria-label=\"24 von 46\"><figure class=\"swiper-slide-inner\"><img decoding=\"async\" class=\"swiper-slide-image\" src=\"https:\/\/oldboysrahm.de\/wp-content\/uploads\/2024\/04\/IMG_0502-300x169.jpg\" alt=\"IMG_0502\" \/><\/figure><\/div><div class=\"swiper-slide\" role=\"group\" aria-roledescription=\"slide\" aria-label=\"25 von 46\"><figure class=\"swiper-slide-inner\"><img decoding=\"async\" class=\"swiper-slide-image\" src=\"https:\/\/oldboysrahm.de\/wp-content\/uploads\/2024\/04\/IMG_0512-1-300x169.jpg\" alt=\"IMG_0512\" \/><\/figure><\/div><div class=\"swiper-slide\" role=\"group\" aria-roledescription=\"slide\" aria-label=\"26 von 46\"><figure class=\"swiper-slide-inner\"><img decoding=\"async\" class=\"swiper-slide-image\" src=\"https:\/\/oldboysrahm.de\/wp-content\/uploads\/2024\/04\/IMG_0529-1-300x169.jpg\" alt=\"IMG_0529\" \/><\/figure><\/div><div class=\"swiper-slide\" role=\"group\" aria-roledescription=\"slide\" aria-label=\"27 von 46\"><figure class=\"swiper-slide-inner\"><img decoding=\"async\" class=\"swiper-slide-image\" src=\"https:\/\/oldboysrahm.de\/wp-content\/uploads\/2024\/04\/IMG_0534-300x169.jpg\" alt=\"IMG_0534\" \/><\/figure><\/div><div class=\"swiper-slide\" role=\"group\" aria-roledescription=\"slide\" aria-label=\"28 von 46\"><figure class=\"swiper-slide-inner\"><img decoding=\"async\" class=\"swiper-slide-image\" src=\"https:\/\/oldboysrahm.de\/wp-content\/uploads\/2024\/04\/IMG_0545-1-300x169.jpg\" alt=\"IMG_0545\" \/><\/figure><\/div><div class=\"swiper-slide\" role=\"group\" aria-roledescription=\"slide\" aria-label=\"29 von 46\"><figure class=\"swiper-slide-inner\"><img decoding=\"async\" class=\"swiper-slide-image\" src=\"https:\/\/oldboysrahm.de\/wp-content\/uploads\/2024\/04\/IMG_0556-300x169.jpg\" alt=\"IMG_0556\" \/><\/figure><\/div><div class=\"swiper-slide\" role=\"group\" aria-roledescription=\"slide\" aria-label=\"30 von 46\"><figure class=\"swiper-slide-inner\"><img decoding=\"async\" class=\"swiper-slide-image\" src=\"https:\/\/oldboysrahm.de\/wp-content\/uploads\/2024\/04\/IMG_0597-300x169.jpg\" alt=\"IMG_0597\" \/><\/figure><\/div><div class=\"swiper-slide\" role=\"group\" aria-roledescription=\"slide\" aria-label=\"31 von 46\"><figure class=\"swiper-slide-inner\"><img decoding=\"async\" class=\"swiper-slide-image\" src=\"https:\/\/oldboysrahm.de\/wp-content\/uploads\/2024\/04\/IMG_0599-300x169.jpg\" alt=\"IMG_0599\" \/><\/figure><\/div><div class=\"swiper-slide\" role=\"group\" aria-roledescription=\"slide\" aria-label=\"32 von 46\"><figure class=\"swiper-slide-inner\"><img decoding=\"async\" class=\"swiper-slide-image\" src=\"https:\/\/oldboysrahm.de\/wp-content\/uploads\/2024\/04\/IMG_0609-300x169.jpg\" alt=\"IMG_0609\" \/><\/figure><\/div><div class=\"swiper-slide\" role=\"group\" aria-roledescription=\"slide\" aria-label=\"33 von 46\"><figure class=\"swiper-slide-inner\"><img decoding=\"async\" class=\"swiper-slide-image\" src=\"https:\/\/oldboysrahm.de\/wp-content\/uploads\/2024\/04\/IMG_0628-300x169.jpg\" alt=\"IMG_0628\" \/><\/figure><\/div><div class=\"swiper-slide\" role=\"group\" aria-roledescription=\"slide\" aria-label=\"34 von 46\"><figure class=\"swiper-slide-inner\"><img decoding=\"async\" class=\"swiper-slide-image\" src=\"https:\/\/oldboysrahm.de\/wp-content\/uploads\/2024\/04\/IMG_0639-1-300x169.jpg\" alt=\"IMG_0639\" \/><\/figure><\/div><div class=\"swiper-slide\" role=\"group\" aria-roledescription=\"slide\" aria-label=\"35 von 46\"><figure class=\"swiper-slide-inner\"><img decoding=\"async\" class=\"swiper-slide-image\" src=\"https:\/\/oldboysrahm.de\/wp-content\/uploads\/2024\/04\/IMG_0650-300x169.jpg\" alt=\"IMG_0650\" \/><\/figure><\/div><div class=\"swiper-slide\" role=\"group\" aria-roledescription=\"slide\" aria-label=\"36 von 46\"><figure class=\"swiper-slide-inner\"><img decoding=\"async\" class=\"swiper-slide-image\" src=\"https:\/\/oldboysrahm.de\/wp-content\/uploads\/2024\/04\/IMG_0654-300x169.jpg\" alt=\"IMG_0654\" \/><\/figure><\/div><div class=\"swiper-slide\" role=\"group\" aria-roledescription=\"slide\" aria-label=\"37 von 46\"><figure class=\"swiper-slide-inner\"><img decoding=\"async\" class=\"swiper-slide-image\" src=\"https:\/\/oldboysrahm.de\/wp-content\/uploads\/2024\/04\/IMG_0655-300x169.jpg\" alt=\"IMG_0655\" \/><\/figure><\/div><div class=\"swiper-slide\" role=\"group\" aria-roledescription=\"slide\" aria-label=\"38 von 46\"><figure class=\"swiper-slide-inner\"><img decoding=\"async\" class=\"swiper-slide-image\" src=\"https:\/\/oldboysrahm.de\/wp-content\/uploads\/2024\/04\/IMG_0671-300x169.jpg\" alt=\"IMG_0671\" \/><\/figure><\/div><div class=\"swiper-slide\" role=\"group\" aria-roledescription=\"slide\" aria-label=\"39 von 46\"><figure class=\"swiper-slide-inner\"><img decoding=\"async\" class=\"swiper-slide-image\" src=\"https:\/\/oldboysrahm.de\/wp-content\/uploads\/2024\/04\/IMG_0693-300x169.jpg\" alt=\"IMG_0693\" \/><\/figure><\/div><div class=\"swiper-slide\" role=\"group\" aria-roledescription=\"slide\" aria-label=\"40 von 46\"><figure class=\"swiper-slide-inner\"><img decoding=\"async\" class=\"swiper-slide-image\" src=\"https:\/\/oldboysrahm.de\/wp-content\/uploads\/2024\/04\/IMG_0695-300x169.jpg\" alt=\"IMG_0695\" \/><\/figure><\/div><div class=\"swiper-slide\" role=\"group\" aria-roledescription=\"slide\" aria-label=\"41 von 46\"><figure class=\"swiper-slide-inner\"><img decoding=\"async\" class=\"swiper-slide-image\" src=\"https:\/\/oldboysrahm.de\/wp-content\/uploads\/2024\/04\/IMG_0697-300x169.jpg\" alt=\"IMG_0697\" \/><\/figure><\/div><div class=\"swiper-slide\" role=\"group\" aria-roledescription=\"slide\" aria-label=\"42 von 46\"><figure class=\"swiper-slide-inner\"><img decoding=\"async\" class=\"swiper-slide-image\" src=\"https:\/\/oldboysrahm.de\/wp-content\/uploads\/2024\/04\/IMG_0719-300x169.jpg\" alt=\"IMG_0719\" \/><\/figure><\/div><div class=\"swiper-slide\" role=\"group\" aria-roledescription=\"slide\" aria-label=\"43 von 46\"><figure class=\"swiper-slide-inner\"><img decoding=\"async\" class=\"swiper-slide-image\" src=\"https:\/\/oldboysrahm.de\/wp-content\/uploads\/2024\/04\/IMG_0730-300x169.jpg\" alt=\"IMG_0730\" \/><\/figure><\/div><div class=\"swiper-slide\" role=\"group\" aria-roledescription=\"slide\" aria-label=\"44 von 46\"><figure class=\"swiper-slide-inner\"><img decoding=\"async\" class=\"swiper-slide-image\" src=\"https:\/\/oldboysrahm.de\/wp-content\/uploads\/2024\/04\/IMG_0756-1-300x169.jpg\" alt=\"IMG_0756\" \/><\/figure><\/div><div class=\"swiper-slide\" role=\"group\" aria-roledescription=\"slide\" aria-label=\"45 von 46\"><figure class=\"swiper-slide-inner\"><img decoding=\"async\" class=\"swiper-slide-image\" src=\"https:\/\/oldboysrahm.de\/wp-content\/uploads\/2024\/04\/IMG_0766-1-300x169.jpg\" alt=\"IMG_0766\" \/><\/figure><\/div><div class=\"swiper-slide\" role=\"group\" aria-roledescription=\"slide\" aria-label=\"46 von 46\"><figure class=\"swiper-slide-inner\"><img decoding=\"async\" class=\"swiper-slide-image\" src=\"https:\/\/oldboysrahm.de\/wp-content\/uploads\/2024\/04\/IMG_0780-300x169.jpg\" alt=\"IMG_0780\" \/><\/figure><\/div>\t\t\t<\/div>\n\t\t\t\t\t\t\t\n\t\t\t\t\t\t\t\t\t<div class=\"swiper-pagination\"><\/div>\n\t\t\t\t\t\t\t\t\t<\/div>\n\t\t\t\t<\/div>\n\t\t\t\t<\/div>\n\t\t\t\t\t<\/div>\n\t\t\t\t<\/div>\n\t\t<div class=\"elementor-element elementor-element-7a2cd1e e-flex e-con-boxed wpr-particle-no wpr-jarallax-no wpr-parallax-no wpr-sticky-section-no e-con e-parent\" data-id=\"7a2cd1e\" data-element_type=\"container\">\n\t\t\t\t\t<div class=\"e-con-inner\">\n\t\t\t\t<div class=\"elementor-element elementor-element-3c8b949 elementor-widget elementor-widget-text-editor\" data-id=\"3c8b949\" data-element_type=\"widget\" data-widget_type=\"text-editor.default\">\n\t\t\t\t<div class=\"elementor-widget-container\">\n\t\t\t<style>\/*! elementor - v3.21.0 - 26-05-2024 *\/\n.elementor-widget-text-editor.elementor-drop-cap-view-stacked .elementor-drop-cap{background-color:#69727d;color:#fff}.elementor-widget-text-editor.elementor-drop-cap-view-framed .elementor-drop-cap{color:#69727d;border:3px solid;background-color:transparent}.elementor-widget-text-editor:not(.elementor-drop-cap-view-default) .elementor-drop-cap{margin-top:8px}.elementor-widget-text-editor:not(.elementor-drop-cap-view-default) .elementor-drop-cap-letter{width:1em;height:1em}.elementor-widget-text-editor .elementor-drop-cap{float:left;text-align:center;line-height:1;font-size:50px}.elementor-widget-text-editor .elementor-drop-cap-letter{display:inline-block}<\/style>\t\t\t\t<div dir=\"auto\" data-testid=\"conversation-turn-5\"><div><div><div><div><div><div dir=\"auto\" data-message-author-role=\"assistant\" data-message-id=\"82cde168-cbf4-483a-94f2-78235656659f\"><div><p><span style=\"color: #0d0d0d; font-family: S\u00f6hne, ui-sans-serif, system-ui, -apple-system, 'Segoe UI', Roboto, Ubuntu, Cantarell, 'Noto Sans', sans-serif, 'Helvetica Neue', Arial, 'Apple Color Emoji', 'Segoe UI Emoji', 'Segoe UI Symbol', 'Noto Color Emoji'; letter-spacing: normal; white-space-collapse: preserve;\">Der <b>OldBoys Cup 2023<\/b> feierte das 50-j\u00e4hrige Bestehen der legend\u00e4ren Mannschaft, ein halbes Jahrhundert voller Leidenschaft und unvergesslicher Momente. Als H\u00f6hepunkt wurde ein Gr\u00fcndungsmitglied in einer bewegenden Zeremonie geehrt, das die Anf\u00e4nge dieser traditionsreichen Gemeinschaft repr\u00e4sentierte. Nach einem aufregenden Turnier folgte die Party, wo die Atmosph\u00e4re von Jubel und Musik erf\u00fcllt war. Der Duft von Bratwurst und frischem Bier erf\u00fcllte die Luft, w\u00e4hrend der Oldboys Champagner die Anwesenden zum Ansto\u00dfen einlud. Eine Live-Band sorgte f\u00fcr den perfekten Soundtrack, begleitet von einer Mischung aus Regen und Sonnenschein, die die Feierlichkeiten noch unvergesslicher machten.<\/span><\/p><\/div><\/div><\/div><\/div><\/div><\/div><\/div><\/div>\t\t\t\t\t\t<\/div>\n\t\t\t\t<\/div>\n\t\t\t\t\t<\/div>\n\t\t\t\t<\/div>\n\t\t\t\t<\/div>\n\t\t","protected":false},"excerpt":{"rendered":"<p>OldBoys Cup 2023 &#8211; Ein Rahmer Sommerfest Der OldBoys Cup 2023 feierte das 50-j\u00e4hrige Bestehen der legend\u00e4ren Mannschaft, ein halbes Jahrhundert voller Leidenschaft und unvergesslicher Momente. Als H\u00f6hepunkt wurde ein Gr\u00fcndungsmitglied in einer bewegenden Zeremonie geehrt, das die Anf\u00e4nge dieser traditionsreichen Gemeinschaft repr\u00e4sentierte. Nach einem aufregenden Turnier folgte die Party, wo die Atmosph\u00e4re von Jubel [&hellip;]<\/p>\n","protected":false},"author":1,"featured_media":0,"parent":0,"menu_order":0,"comment_status":"closed","ping_status":"closed","template":"","meta":{"zakra_sidebar_layout":"customizer","zakra_remove_content_margin":false,"zakra_sidebar":"customizer","zakra_transparent_header":"customizer","zakra_logo":0,"zakra_main_header_style":"default","zakra_menu_item_color":"","zakra_menu_item_hover_color":"","zakra_menu_item_active_color":"","zakra_menu_active_style":"","zakra_page_header":true,"footnotes":""},"class_list":["post-281","page","type-page","status-publish","hentry"],"_links":{"self":[{"href":"https:\/\/oldboysrahm.de\/index.php\/wp-json\/wp\/v2\/pages\/281","targetHints":{"allow":["GET"]}}],"collection":[{"href":"https:\/\/oldboysrahm.de\/index.php\/wp-json\/wp\/v2\/pages"}],"about":[{"href":"https:\/\/oldboysrahm.de\/index.php\/wp-json\/wp\/v2\/types\/page"}],"author":[{"embeddable":true,"href":"https:\/\/oldboysrahm.de\/index.php\/wp-json\/wp\/v2\/users\/1"}],"replies":[{"embeddable":true,"href":"https:\/\/oldboysrahm.de\/index.php\/wp-json\/wp\/v2\/comments?post=281"}],"version-history":[{"count":11,"href":"https:\/\/oldboysrahm.de\/index.php\/wp-json\/wp\/v2\/pages\/281\/revisions"}],"predecessor-version":[{"id":384,"href":"https:\/\/oldboysrahm.de\/index.php\/wp-json\/wp\/v2\/pages\/281\/revisions\/384"}],"wp:attachment":[{"href":"https:\/\/oldboysrahm.de\/index.php\/wp-json\/wp\/v2\/media?parent=281"}],"curies":[{"name":"wp","href":"https:\/\/api.w.org\/{rel}","templated":true}]}}